{"id":1555,"date":"2016-11-21T09:40:47","date_gmt":"2016-11-21T08:40:47","guid":{"rendered":"http:\/\/sgencfdt.vjf.cnrs.fr\/?page_id=1555"},"modified":"2026-04-01T16:12:54","modified_gmt":"2026-04-01T15:12:54","slug":"elus-et-representants-dans-les-instances","status":"publish","type":"page","link":"https:\/\/cfdt-recherche-epst.org\/?page_id=1555","title":{"rendered":"\u00c9lu.e.s et repr\u00e9sentant.e.s dans les instances"},"content":{"rendered":"<p>Bureau National :<\/p>\n<ul>\n<li><a href=\"\/?p=2496\">Membres du Bureau National<\/a><\/li>\n<\/ul>\n<p>Conseil syndical :<\/p>\n<ul>\n<li><a href=\"https:\/\/cfdt-recherche-epst.org\/?p=21553\">Tableau des membres du conseil syndical<\/a><\/li>\n<\/ul>\n<p>Sections r\u00e9gionales :<\/p>\n<ul>\n<li><a href=\"?p=310\">Sections et secr\u00e9taires<\/a><\/li>\n<\/ul>\n<p>F\u00e9d\u00e9ration Education Formation Recherche Publique :<\/p>\n<ul>\n<li><a href=\"https:\/\/cfdt-recherche-epst.org\/?p=39142\">Conseil F\u00e9d\u00e9ral (CF)<\/a><\/li>\n<li><a href=\"https:\/\/cfdt-recherche-epst.org\/?p=39143\">Commission Organisation Finance (COF)<\/a><\/li>\n<li><a href=\"https:\/\/cfdt-recherche-epst.org\/?p=39130\">Formation F\u00e9d\u00e9rale<\/a><\/li>\n<li><a href=\"https:\/\/cfdt-recherche-epst.org\/?p=39144\">Secr\u00e9taire F\u00e9d\u00e9ral<\/a><\/li>\n<\/ul>\n<p>Collectifs<\/p>\n<ul>\n<li><a href=\"https:\/\/cfdt-recherche-epst.org\/?p=39131\">Collectif \u00e9ducation contre les LGBTIphobies<\/a><\/li>\n<\/ul>\n<p>MESR<\/p>\n<ul>\n<li><a href=\"?p=1556\">CNESER : Conseil national de l&rsquo;enseignement sup\u00e9rieur et de la recherche<\/a><\/li>\n<li><a href=\"https:\/\/cfdt-recherche-epst.org\/?p=39128\">CSA MESR<\/a><\/li>\n<li><a href=\"https:\/\/cfdt-recherche-epst.org\/?p=39129\">F3SCT MESR<\/a><\/li>\n<\/ul>\n<p>CNRS<\/p>\n<ul>\n<li><a href=\"?p=2056\">CA : Conseil d\u2019Administration<\/a><\/li>\n<li><a href=\"?p=34887\">CAES CNRS : Comit\u00e9 d\u2019Action et d\u2019Entraide Sociales<\/a><\/li>\n<li><a href=\"\/?p=32760\">CAP : Commissions Administratives Paritaires<\/a><\/li>\n<li><a href=\"?p=32753\">CCP Commissions Consultatives Paritaires<\/a><\/li>\n<li><a href=\"?p=26660\">CID : Commissions interdisciplinaires du CNRS<\/a><\/li>\n<li><a href=\"https:\/\/cfdt-recherche-epst.org\/?p=32724\">CNDP : Commission Nationale du D\u00e9veloppement Professionnel<\/a><br \/><em>regroupe depuis 2023 CPAT \/ CNFP et CNM<\/em><\/li>\n<li><a href=\"https:\/\/cfdt-recherche-epst.org\/?p=32727\">CNDS : Commission Nationale du D\u00e9veloppement Social<\/a><br \/><em>regroupe depuis 2023 CNAS \/ CNSPH et COS<\/em><\/li>\n<li><a href=\"?p=39802\">Conseil m\u00e9dical<\/a><\/li>\n<li><a href=\"https:\/\/cfdt-recherche-epst.org\/?p=33914\">CRDPS : Commission R\u00e9gionale du D\u00e9veloppement Professionnel et Social<\/a><\/li>\n<li><a href=\"?p=39674\">CoNRS : Comit\u00e9 National de la Recherche Scientifique &#8211; Chercheurs <\/a><\/li>\n<li><a href=\"?p=39667\">CoNRS : Comit\u00e9 National de la Recherche Scientifique &#8211; ITA<\/a><\/li>\n<li><a href=\"https:\/\/cfdt-recherche-epst.org\/?p=32741\">CSA : Comit\u00e9 Social d&rsquo;Administration<\/a><\/li>\n<li><a href=\"\/?p=2869\">CS : Conseil scientifique<\/a><\/li>\n<li><a href=\"\/?p=2869\">CSI : Conseils scientifiques des instituts scientifiques<\/a><\/li>\n<li><a href=\"https:\/\/cfdt-recherche-epst.org\/?p=32765\">F3SCT : formation sp\u00e9cialis\u00e9e du CSA en mati\u00e8re de sant\u00e9, de s\u00e9curit\u00e9 et des conditions de travail\u00a0<\/a><\/li>\n<li><a href=\"https:\/\/cfdt-recherche-epst.org\/?p=33809\">F4SCT : formation sp\u00e9cialis\u00e9e de service en mati\u00e8re de sant\u00e9, de s\u00e9curit\u00e9 et des conditions de travail<\/a> <em>ancien CRHSCT<\/em><\/li>\n<\/ul>\n<p>INRIA<\/p>\n<ul>\n<li><a href=\"?p=1558\">CA : Conseil d\u2019administration<\/a><\/li>\n<li><a href=\"?p=33122\">CAP : \u00a0Commission Administrative Paritaire<\/a><\/li>\n<li><a href=\"\/?p=33125\">CCP : Commission Consultative Paritaire<\/a><\/li>\n<li><a href=\"?p=1557\">CE : Commission d\u2019\u00e9valuation<\/a><\/li>\n<li><a href=\"?p=1559\">CS : Conseil Scientifique<\/a><\/li>\n<li><a href=\"\/?p=33126\">CSA : Comit\u00e9 Social d&rsquo;Administration<\/a><\/li>\n<li><a href=\"\/?p=33123\">F3SCT : Formations Sp\u00e9cialis\u00e9es en Sant\u00e9 et S\u00e9curit\u00e9 et Conditions de Travail du CSA Inria et des centres 2023<\/a><\/li>\n<\/ul>\n<p>INSERM<\/p>\n\n\n<ul class=\"wp-block-list\">\n<li>Les \u00e9lue.es CFDT Recherche EPST dans les instances <a href=\"https:\/\/cfdt-recherche-epst.org\/wp-content\/uploads\/2026\/04\/Elu-e-s-et-representant-e-s-CFDT-instances-Inserm-au-01_04_26.pdf\" target=\"_blank\" rel=\"noreferrer noopener\">ici<\/a><\/li>\n<\/ul>\n\n\n\n<p><\/p>\n","protected":false},"excerpt":{"rendered":"<p>Bureau National : Membres du Bureau National Conseil syndical : Tableau des membres du conseil syndical Sections r\u00e9gionales : Sections et secr\u00e9taires F\u00e9d\u00e9ration Education Formation Recherche Publique : Conseil F\u00e9d\u00e9ral (CF) Commission Organisation Finance (COF) Formation F\u00e9d\u00e9rale Secr\u00e9taire F\u00e9d\u00e9ral Collectifs Collectif \u00e9ducation contre les LGBTIphobies MESR CNESER : Conseil national<\/p>\n","protected":false},"author":1,"featured_media":0,"parent":0,"menu_order":0,"comment_status":"closed","ping_status":"closed","template":"","meta":{"_mc_calendar":[],"footnotes":""},"class_list":["post-1555","page","type-page","status-publish","hentry","ct-col-2"],"amp_enabled":true,"_links":{"self":[{"href":"https:\/\/cfdt-recherche-epst.org\/index.php?rest_route=\/wp\/v2\/pages\/1555","targetHints":{"allow":["GET"]}}],"collection":[{"href":"https:\/\/cfdt-recherche-epst.org\/index.php?rest_route=\/wp\/v2\/pages"}],"about":[{"href":"https:\/\/cfdt-recherche-epst.org\/index.php?rest_route=\/wp\/v2\/types\/page"}],"author":[{"embeddable":true,"href":"https:\/\/cfdt-recherche-epst.org\/index.php?rest_route=\/wp\/v2\/users\/1"}],"replies":[{"embeddable":true,"href":"https:\/\/cfdt-recherche-epst.org\/index.php?rest_route=%2Fwp%2Fv2%2Fcomments&post=1555"}],"version-history":[{"count":96,"href":"https:\/\/cfdt-recherche-epst.org\/index.php?rest_route=\/wp\/v2\/pages\/1555\/revisions"}],"predecessor-version":[{"id":40819,"href":"https:\/\/cfdt-recherche-epst.org\/index.php?rest_route=\/wp\/v2\/pages\/1555\/revisions\/40819"}],"wp:attachment":[{"href":"https:\/\/cfdt-recherche-epst.org\/index.php?rest_route=%2Fwp%2Fv2%2Fmedia&parent=1555"}],"curies":[{"name":"wp","href":"https:\/\/api.w.org\/{rel}","templated":true}]}}