{"id":27915,"date":"2022-02-03T21:11:29","date_gmt":"2022-02-03T20:11:29","guid":{"rendered":"https:\/\/epst-sgen-cfdt.org\/?page_id=27915"},"modified":"2026-02-23T11:13:03","modified_gmt":"2026-02-23T10:13:03","slug":"recuperation-de-son-recu-fiscal","status":"publish","type":"page","link":"https:\/\/cfdt-recherche-epst.org\/?page_id=27915","title":{"rendered":"R\u00e9cup\u00e9ration de son re\u00e7u Fiscal \/ R\u00e9gler sa cotisation"},"content":{"rendered":"\n<h2 class=\"wp-block-heading\" id=\"et-plus-globalement-comment-acceder-a-son-espace-adherent-cfdt\">Et plus globalement comment acc\u00e9der \u00e0 son espace adh\u00e9rent CFDT<\/h2>\n\n\n\n<p>Votre <a rel=\"noreferrer noopener\" href=\"https:\/\/monespace.cfdt.fr\/portail\/espace-adherent\/\" target=\"_blank\">espace adh\u00e9rent CFDT<\/a> vous permet de retrouver toutes les informations concernant votre adh\u00e9sion \u00e0 notre syndicat, vos cotisations (montant et calendrier de pr\u00e9l\u00e8vement), vos attestations fiscales, &#8230;<\/p>\n\n\n\n<p>Si vous n&rsquo;avez pas de compte, il suffit de cliquer sur le bouton \u00ab\u00a0Activer votre compte CFDT\u00a0\u00bb (voir image ci-dessous). Pour activer un compte, vous avez besoin de votre NPA (Num\u00e9ro Personnel d\u2019Adh\u00e9rent CFDT), qui se trouve sur votre carte d&rsquo;adh\u00e9rent. Si vous ne le retrouvez pas, faites un mail \u00e0 <a href=\"mailto:tresorerie@cfdt-recherche-epst.org\">tresorerie@cfdt-recherche-epst.org<\/a> <\/p>\n\n\n<div class=\"wp-block-image wp-block-image aligncenter size-large is-resized\">\n<figure class=\"size-medium\"><a href=\"https:\/\/cfdt-recherche-epst.org\/wp-content\/uploads\/2026\/02\/Capture-decran-2026-02-23-110548.png\" target=\"_blank\" rel=\"noopener\"><img loading=\"lazy\" decoding=\"async\" width=\"300\" height=\"200\" src=\"https:\/\/cfdt-recherche-epst.org\/wp-content\/uploads\/2026\/02\/Capture-decran-2026-02-23-110548-300x200.png\" alt=\"\" class=\"wp-image-40655\" style=\"width:300px;height:auto\" srcset=\"https:\/\/cfdt-recherche-epst.org\/wp-content\/uploads\/2026\/02\/Capture-decran-2026-02-23-110548-300x200.png 300w, https:\/\/cfdt-recherche-epst.org\/wp-content\/uploads\/2026\/02\/Capture-decran-2026-02-23-110548-768x512.png 768w, https:\/\/cfdt-recherche-epst.org\/wp-content\/uploads\/2026\/02\/Capture-decran-2026-02-23-110548.png 1009w\" sizes=\"auto, (max-width: 300px) 100vw, 300px\" \/><\/a><figcaption class=\"wp-element-caption\">Cliquez sur l&rsquo;image pour l&rsquo;agrandir<\/figcaption><\/figure>\n<\/div>\n\n\n<p>Un fois connect\u00e9 \u00e0 votre espace adh\u00e9rent, vous pouvez cliquer sur le bouton \u00ab\u00a0Ma cotisation\u00a0\u00bb ou le menu \u00ab\u00a0Mon adh\u00e9sion\u00a0\u00bb puis \u00ab\u00a0G\u00e9rer ma cotisation\u00a0\u00bb (voir image ci-dessous) pour visualiser les informations sur les cotisations :<\/p>\n\n\n<div class=\"wp-block-image wp-block-image aligncenter size-large is-resized\">\n<figure class=\"size-medium\"><a href=\"https:\/\/cfdt-recherche-epst.org\/wp-content\/uploads\/2026\/02\/Capture-decran-2026-02-23-111123.png\" target=\"_blank\" rel=\"noopener\"><img loading=\"lazy\" decoding=\"async\" width=\"300\" height=\"168\" src=\"https:\/\/cfdt-recherche-epst.org\/wp-content\/uploads\/2026\/02\/Capture-decran-2026-02-23-111123-300x168.png\" alt=\"\" class=\"wp-image-40656\" srcset=\"https:\/\/cfdt-recherche-epst.org\/wp-content\/uploads\/2026\/02\/Capture-decran-2026-02-23-111123-300x168.png 300w, https:\/\/cfdt-recherche-epst.org\/wp-content\/uploads\/2026\/02\/Capture-decran-2026-02-23-111123-768x431.png 768w, https:\/\/cfdt-recherche-epst.org\/wp-content\/uploads\/2026\/02\/Capture-decran-2026-02-23-111123.png 791w\" sizes=\"auto, (max-width: 300px) 100vw, 300px\" \/><\/a><figcaption class=\"wp-element-caption\">Cliquez sur l&rsquo;image pour l&rsquo;agrandir<\/figcaption><\/figure>\n<\/div>\n\n\n<p>Vos attestations fiscales sont disponibles en bas de la page (voir image ci-dessous) : <\/p>\n\n\n<div class=\"wp-block-image wp-block-image aligncenter size-large is-resized\">\n<figure class=\"size-full\"><img loading=\"lazy\" decoding=\"async\" width=\"856\" height=\"327\" src=\"https:\/\/cfdt-recherche-epst.org\/wp-content\/uploads\/2026\/02\/c3.png\" alt=\"\" class=\"wp-image-40657\" srcset=\"https:\/\/cfdt-recherche-epst.org\/wp-content\/uploads\/2026\/02\/c3.png 856w, https:\/\/cfdt-recherche-epst.org\/wp-content\/uploads\/2026\/02\/c3-300x115.png 300w, https:\/\/cfdt-recherche-epst.org\/wp-content\/uploads\/2026\/02\/c3-768x293.png 768w\" sizes=\"auto, (max-width: 856px) 100vw, 856px\" \/><\/figure>\n<\/div>\n\n\n<h2 class=\"wp-block-heading\" id=\"procedure-pour-recuperer-son-npa\">Proc\u00e9dure pour r\u00e9cup\u00e9rer son NPA<\/h2>\n\n\n\n<p>Votre NPA se trouve sur votre carte d&rsquo;adh\u00e9rent CFDT.<br>Si vous ne le retrouvez pas, faites un mail \u00e0 <a href=\"mailto:tresorerie@cfdt-recherche-epst.org\">tresorerie@cfdt-recherche-epst.org<\/a> <\/p>\n\n\n\n<p><\/p>\n","protected":false},"excerpt":{"rendered":"<p>Et plus globalement comment acc\u00e9der \u00e0 son espace adh\u00e9rent CFDT Votre espace adh\u00e9rent CFDT vous permet de retrouver toutes les informations concernant votre adh\u00e9sion \u00e0 notre syndicat, vos cotisations (montant et calendrier de pr\u00e9l\u00e8vement), vos attestations fiscales, &#8230; Si vous n&rsquo;avez pas de compte, il suffit de cliquer sur le<\/p>\n","protected":false},"author":1,"featured_media":0,"parent":0,"menu_order":0,"comment_status":"closed","ping_status":"closed","template":"","meta":{"_mc_calendar":[],"footnotes":""},"class_list":["post-27915","page","type-page","status-publish","hentry","ct-col-2"],"amp_enabled":true,"_links":{"self":[{"href":"https:\/\/cfdt-recherche-epst.org\/index.php?rest_route=\/wp\/v2\/pages\/27915","targetHints":{"allow":["GET"]}}],"collection":[{"href":"https:\/\/cfdt-recherche-epst.org\/index.php?rest_route=\/wp\/v2\/pages"}],"about":[{"href":"https:\/\/cfdt-recherche-epst.org\/index.php?rest_route=\/wp\/v2\/types\/page"}],"author":[{"embeddable":true,"href":"https:\/\/cfdt-recherche-epst.org\/index.php?rest_route=\/wp\/v2\/users\/1"}],"replies":[{"embeddable":true,"href":"https:\/\/cfdt-recherche-epst.org\/index.php?rest_route=%2Fwp%2Fv2%2Fcomments&post=27915"}],"version-history":[{"count":21,"href":"https:\/\/cfdt-recherche-epst.org\/index.php?rest_route=\/wp\/v2\/pages\/27915\/revisions"}],"predecessor-version":[{"id":40658,"href":"https:\/\/cfdt-recherche-epst.org\/index.php?rest_route=\/wp\/v2\/pages\/27915\/revisions\/40658"}],"wp:attachment":[{"href":"https:\/\/cfdt-recherche-epst.org\/index.php?rest_route=%2Fwp%2Fv2%2Fmedia&parent=27915"}],"curies":[{"name":"wp","href":"https:\/\/api.w.org\/{rel}","templated":true}]}}