{"id":37538,"date":"2015-03-16T15:26:05","date_gmt":"2015-03-16T14:26:05","guid":{"rendered":"https:\/\/epst-sgen-cfdt.org\/?page_id=37538"},"modified":"2025-01-17T10:43:30","modified_gmt":"2025-01-17T09:43:30","slug":"espace-adherent","status":"publish","type":"page","link":"https:\/\/cfdt-recherche-epst.org\/?page_id=37538","title":{"rendered":"Espace adh\u00e9rent"},"content":{"rendered":"\n<h2 class=\"wp-block-heading\">Acc\u00e9der \u00e0 son espace adh\u00e9rent CFDT et r\u00e9cup\u00e9rer son num\u00e9ro d\u2019adh\u00e9rent (NPA)<\/h2>\n\n\n\n<p>Toutes les informations sont <a href=\"https:\/\/cfdt-recherche-epst.org\/?page_id=27915\">sur cette page<\/a><\/p>\n\n\n\n<h2 class=\"wp-block-heading\">R\u00e9gler sa cotisation<\/h2>\n\n\n\n<p>Toutes les informations sont <a href=\"https:\/\/cfdt-recherche-epst.org\/?page_id=37585\">sur cette page<\/a><\/p>\n\n\n\n<h2 class=\"wp-block-heading\" id=\"recuFiscal\">Pour r\u00e9cup\u00e9rer son re\u00e7u fiscal :<\/h2>\n\n\n\n<p>Toutes les informations sont <a href=\"https:\/\/cfdt-recherche-epst.org\/?page_id=27915\">sur cette page<\/a><\/p>\n\n\n\n<h2 class=\"wp-block-heading\">Comment renouveler son adh\u00e9sion :<\/h2>\n\n\n\n<p class=\"has-text-align-left\">Tout est <a href=\"\/?p=837\">sur cette page<\/a><\/p>\n\n\n\n<h2 class=\"wp-block-heading\" id=\"comment-se-faire-rembourser-une-mission\">Comment se faire rembourser une mission<\/h2>\n\n\n\n<p>Notre syndicat utilise la solution N2F pour d\u00e9mat\u00e9rialiser les notes de frais.<\/p>\n\n\n\n<ul class=\"wp-block-list\">\n<li>Acc\u00e8s \u00e0 NF2 :\n<ul class=\"wp-block-list\">\n<li>Navigateur :  <a href=\"http:\/\/n2f.com\/app\/#\/\" data-type=\"link\" data-id=\"n2f.com\/app\/#\/\">n2f.com<\/a><\/li>\n\n\n\n<li><a href=\"https:\/\/itunes.apple.com\/fr\/app\/apple-store\/id1137882652\">Smartphone iPhone<\/a><\/li>\n\n\n\n<li>Smartphone <a href=\"https:\/\/play.google.com\/store\/apps\/details?id=com.n2f.mobile\">Android<\/a><\/li>\n<\/ul>\n<\/li>\n\n\n\n<li><a href=\"\/wp-content\/uploads\/2025\/01\/Note-de-frais-Regle-de-remboursement.pdf\">Modalit\u00e9 de remboursement des frais<\/a><\/li>\n\n\n\n<li><a href=\"\/wp-content\/uploads\/2025\/01\/001-Guide-utilisateurs-N2F-Interne.pdf\">Documentation d&rsquo;utilisation de N2F<\/a><\/li>\n<\/ul>\n","protected":false},"excerpt":{"rendered":"<p>Acc\u00e9der \u00e0 son espace adh\u00e9rent CFDT et r\u00e9cup\u00e9rer son num\u00e9ro d\u2019adh\u00e9rent (NPA) Toutes les informations sont sur cette page R\u00e9gler sa cotisation Toutes les informations sont sur cette page Pour r\u00e9cup\u00e9rer son re\u00e7u fiscal : Toutes les informations sont sur cette page Comment renouveler son adh\u00e9sion : Tout est sur<\/p>\n","protected":false},"author":1,"featured_media":0,"parent":0,"menu_order":0,"comment_status":"closed","ping_status":"open","template":"","meta":{"_mc_calendar":[],"footnotes":""},"class_list":["post-37538","page","type-page","status-publish","hentry","ct-col-2"],"amp_enabled":true,"_links":{"self":[{"href":"https:\/\/cfdt-recherche-epst.org\/index.php?rest_route=\/wp\/v2\/pages\/37538","targetHints":{"allow":["GET"]}}],"collection":[{"href":"https:\/\/cfdt-recherche-epst.org\/index.php?rest_route=\/wp\/v2\/pages"}],"about":[{"href":"https:\/\/cfdt-recherche-epst.org\/index.php?rest_route=\/wp\/v2\/types\/page"}],"author":[{"embeddable":true,"href":"https:\/\/cfdt-recherche-epst.org\/index.php?rest_route=\/wp\/v2\/users\/1"}],"replies":[{"embeddable":true,"href":"https:\/\/cfdt-recherche-epst.org\/index.php?rest_route=%2Fwp%2Fv2%2Fcomments&post=37538"}],"version-history":[{"count":12,"href":"https:\/\/cfdt-recherche-epst.org\/index.php?rest_route=\/wp\/v2\/pages\/37538\/revisions"}],"predecessor-version":[{"id":38701,"href":"https:\/\/cfdt-recherche-epst.org\/index.php?rest_route=\/wp\/v2\/pages\/37538\/revisions\/38701"}],"wp:attachment":[{"href":"https:\/\/cfdt-recherche-epst.org\/index.php?rest_route=%2Fwp%2Fv2%2Fmedia&parent=37538"}],"curies":[{"name":"wp","href":"https:\/\/api.w.org\/{rel}","templated":true}]}}