{"id":37585,"date":"2024-09-18T10:25:26","date_gmt":"2024-09-18T09:25:26","guid":{"rendered":"https:\/\/cfdt-recherche-epst.org\/?page_id=37585"},"modified":"2026-03-26T16:49:44","modified_gmt":"2026-03-26T15:49:44","slug":"regler-sa-cotisation-syndicale","status":"publish","type":"page","link":"https:\/\/cfdt-recherche-epst.org\/?page_id=37585","title":{"rendered":"R\u00e9gler sa cotisation syndicale"},"content":{"rendered":"\n<p>Pour vous en acquitter, plusieurs solutions&nbsp; (par ordre de pr\u00e9f\u00e9rence pour le syndicat) :<\/p>\n\n\n\n<ul class=\"wp-block-list\">\n<li><strong>Mise en place d\u2019un pr\u00e9l\u00e8vement automatique&nbsp;:<\/strong>\n<ul class=\"wp-block-list\">\n<li>Sur <a href=\"https:\/\/monespace.cfdt.fr\/portail\/espace-adherent\/\">votre espace adh\u00e9rent CFDT<\/a>, dans l&rsquo;onglet \u00ab&nbsp;ma cotisation&nbsp;\u00bb<\/li>\n\n\n\n<li>Ou en envoyant par email (<a href=\"mailto:tresorerie@cfdt-recherche-epst.org\">tresorerie@cfdt-recherche-epst.org<\/a>) sous forme scann\u00e9e ou par courrier postal, l\u2019autorisation de pr\u00e9l\u00e8vement sign\u00e9e (<a href=\"https:\/\/cfdt-recherche-epst.org\/wp-content\/uploads\/2024\/09\/SGEN_CFDT-Mandat.pdf\" target=\"_blank\" rel=\"noreferrer noopener\">cliquez ici pour la r\u00e9cup\u00e9rer<\/a>) et votre RIB<\/li>\n<\/ul>\n<\/li>\n\n\n\n<li><strong>R\u00e8glement par carte bancaire <\/strong>sur <a href=\"https:\/\/monespace.cfdt.fr\/portail\/espace-adherent\/\">votre espace adh\u00e9rent CFDT<\/a>, onglet \u00ab&nbsp;ma cotisation&nbsp;\u00bb<\/li>\n\n\n\n<li><strong>R\u00e8glement par virement<\/strong> ou <strong>par ch\u00e8que<\/strong>, merci de nous contacter <a href=\"mailto:tresorerie@cfdt-recherche-epst.org\">tresorerie@cfdt-recherche-epst.org<\/a>.<\/li>\n<\/ul>\n\n\n\n<p>Pour connaitre le montant de votre cotisation, vous pouvez consulter cette page : <a href=\"https:\/\/cfdt-recherche-epst.org\/?page_id=40342\">Calcul de la cotisation<\/a><\/p>\n\n\n\n<p>Nous vous rappelons que, <em>m\u00eame si vous ne payez pas d&rsquo;imp\u00f4ts<\/em>, les cotisations syndicales appellent 66% de cr\u00e9dits d\u2019imp\u00f4ts, ainsi une cotisation de 100\u20ac revient \u00e0 payer 34\u20ac (ou \u00e0 recevoir 66\u20ac si vous n&rsquo;\u00eates pas imposable). Chaque ann\u00e9e vous recevrez votre attestation fiscale de l\u2019ann\u00e9e pr\u00e9c\u00e9dente.<\/p>\n\n\n\n<p><\/p>\n","protected":false},"excerpt":{"rendered":"<p>Pour vous en acquitter, plusieurs solutions&nbsp; (par ordre de pr\u00e9f\u00e9rence pour le syndicat) : Pour connaitre le montant de votre cotisation, vous pouvez consulter cette page : Calcul de la cotisation Nous vous rappelons que, m\u00eame si vous ne payez pas d&rsquo;imp\u00f4ts, les cotisations syndicales appellent 66% de cr\u00e9dits d\u2019imp\u00f4ts,<\/p>\n","protected":false},"author":1,"featured_media":0,"parent":0,"menu_order":0,"comment_status":"closed","ping_status":"closed","template":"","meta":{"_mc_calendar":[],"footnotes":""},"class_list":["post-37585","page","type-page","status-publish","hentry","ct-col-2"],"amp_enabled":true,"_links":{"self":[{"href":"https:\/\/cfdt-recherche-epst.org\/index.php?rest_route=\/wp\/v2\/pages\/37585","targetHints":{"allow":["GET"]}}],"collection":[{"href":"https:\/\/cfdt-recherche-epst.org\/index.php?rest_route=\/wp\/v2\/pages"}],"about":[{"href":"https:\/\/cfdt-recherche-epst.org\/index.php?rest_route=\/wp\/v2\/types\/page"}],"author":[{"embeddable":true,"href":"https:\/\/cfdt-recherche-epst.org\/index.php?rest_route=\/wp\/v2\/users\/1"}],"replies":[{"embeddable":true,"href":"https:\/\/cfdt-recherche-epst.org\/index.php?rest_route=%2Fwp%2Fv2%2Fcomments&post=37585"}],"version-history":[{"count":9,"href":"https:\/\/cfdt-recherche-epst.org\/index.php?rest_route=\/wp\/v2\/pages\/37585\/revisions"}],"predecessor-version":[{"id":40766,"href":"https:\/\/cfdt-recherche-epst.org\/index.php?rest_route=\/wp\/v2\/pages\/37585\/revisions\/40766"}],"wp:attachment":[{"href":"https:\/\/cfdt-recherche-epst.org\/index.php?rest_route=%2Fwp%2Fv2%2Fmedia&parent=37585"}],"curies":[{"name":"wp","href":"https:\/\/api.w.org\/{rel}","templated":true}]}}