{"id":39812,"date":"2025-07-29T14:25:10","date_gmt":"2025-07-29T13:25:10","guid":{"rendered":"https:\/\/cfdt-recherche-epst.org\/?page_id=39812"},"modified":"2026-03-12T10:21:00","modified_gmt":"2026-03-12T09:21:00","slug":"techniciens","status":"publish","type":"page","link":"https:\/\/cfdt-recherche-epst.org\/?page_id=39812","title":{"rendered":"R\u00e9mun\u00e9ration &#8211; Avancement -Techniciens de la recherche"},"content":{"rendered":"\n<p><\/p>\n\n\n\n<p><strong>\u00a0<\/strong><\/p>\n\n\n\n<figure class=\"wp-block-table\"><table class=\"has-fixed-layout\"><tbody><tr><td colspan=\"5\"><strong>Techniciens de la recherche de classe normale<\/strong><\/td><\/tr><tr><td><strong>Echelons<\/strong><\/td><td><strong>Indice brut<\/strong><\/td><td><strong>Indice<br>major\u00e9<\/strong><strong><\/strong><\/td><td><strong>Dur\u00e9e<\/strong><\/td><td><strong>Salaire brut<\/strong><\/td><\/tr><tr><td>1er \u00e9chelon<\/td><td>389<\/td><td><strong>373<\/strong><\/td><td>1 an<\/td><td>1836<\/td><\/tr><tr><td>2e \u00e9chelon<\/td><td>395<\/td><td><strong>374<\/strong><\/td><td>1 an<\/td><td>1841<\/td><\/tr><tr><td>3e \u00e9chelon<\/td><td>397<\/td><td><strong>375<\/strong><\/td><td>1 an<\/td><td>1846<\/td><\/tr><tr><td>4e \u00e9chelon<\/td><td>401<\/td><td><strong>376<\/strong><\/td><td>1 an<\/td><td>1851<\/td><\/tr><tr><td>5e \u00e9chelon<\/td><td>415<\/td><td><strong>377<\/strong><\/td><td>2 ans<\/td><td>1856<\/td><\/tr><tr><td>6e \u00e9chelon<\/td><td>431<\/td><td><strong>386<\/strong><\/td><td>2 ans<\/td><td>1900<\/td><\/tr><tr><td>7e \u00e9chelon<\/td><td>452<\/td><td><strong>401<\/strong><\/td><td>2 ans<\/td><td>1974<\/td><\/tr><tr><td>8e \u00e9chelon<\/td><td>478<\/td><td><strong>420<\/strong><\/td><td>3 ans<\/td><td>2068<\/td><\/tr><tr><td>9e \u00e9chelon<\/td><td>500<\/td><td><strong>436<\/strong><\/td><td>3 ans<\/td><td>2146<\/td><\/tr><tr><td>10e \u00e9chelon<\/td><td>513<\/td><td><strong>446<\/strong><\/td><td>3 ans<\/td><td>2196<\/td><\/tr><tr><td>11e \u00e9chelon<\/td><td>538<\/td><td><strong>462<\/strong><\/td><td>3 ans<\/td><td>2274<\/td><\/tr><tr><td>12e \u00e9chelon<\/td><td>563<\/td><td><strong>482<\/strong><\/td><td>4 ans<\/td><td>2373<\/td><\/tr><tr><td>13e \u00e9chelon<\/td><td>597<\/td><td><strong>508<\/strong><\/td><td><strong>&#8212;<\/strong><\/td><td>2501<\/td><\/tr><\/tbody><\/table><\/figure>\n\n\n\n<p><\/p>\n\n\n\n<figure class=\"wp-block-table\"><table class=\"has-fixed-layout\"><tbody><tr><td colspan=\"5\"><strong>Techniciens de la recherche de classe sup\u00e9rieure<\/strong><\/td><\/tr><tr><td><strong>Echelons<\/strong><\/td><td><strong>Indice brut<\/strong><\/td><td><strong>Indice<br>major\u00e9<\/strong><strong><\/strong><\/td><td><strong>dur\u00e9e<\/strong><\/td><td><strong>Salaire brut<\/strong><\/td><\/tr><tr><td>1er \u00e9chelon<\/td><td>401<\/td><td><strong>376<\/strong><\/td><td>1 an<\/td><td>1851<\/td><\/tr><tr><td>2e \u00e9chelon<\/td><td>415<\/td><td><strong>377<\/strong><\/td><td>1 an<\/td><td>1856<\/td><\/tr><tr><td>3e \u00e9chelon<\/td><td>429<\/td><td><strong>384<\/strong><\/td><td>2 ans<\/td><td>1890<\/td><\/tr><tr><td>4e \u00e9chelon<\/td><td>444<\/td><td><strong>395<\/strong><\/td><td>2 ans<\/td><td>1944<\/td><\/tr><tr><td>5e \u00e9chelon<\/td><td>458<\/td><td><strong>406<\/strong><\/td><td>2 ans<\/td><td>1999<\/td><\/tr><tr><td>6e \u00e9chelon<\/td><td>480<\/td><td><strong>421<\/strong><\/td><td>2 ans<\/td><td>2072<\/td><\/tr><tr><td>7e \u00e9chelon<\/td><td>506<\/td><td><strong>441<\/strong><\/td><td>3 ans<\/td><td>2171<\/td><\/tr><tr><td>8e \u00e9chelon<\/td><td>528<\/td><td><strong>457<\/strong><\/td><td>3 ans<\/td><td>2250<\/td><\/tr><tr><td>9e \u00e9chelon<\/td><td>542<\/td><td><strong>466<\/strong><\/td><td>3 ans<\/td><td>2294<\/td><\/tr><tr><td>10e \u00e9chelon<\/td><td>567<\/td><td><strong>485<\/strong><\/td><td>3 ans<\/td><td>2388<\/td><\/tr><tr><td>11e \u00e9chelon<\/td><td>599<\/td><td><strong>509<\/strong><\/td><td>4 ans<\/td><td>2506<\/td><\/tr><tr><td>12e \u00e9chelon<\/td><td>638<\/td><td><strong>539<\/strong><\/td><td><strong>&#8212;<\/strong><\/td><td>2653<\/td><\/tr><\/tbody><\/table><\/figure>\n\n\n\n<p><\/p>\n\n\n\n<figure class=\"wp-block-table\"><table class=\"has-fixed-layout\"><tbody><tr><td colspan=\"5\"><strong>Techniciens de la recherche de classe exceptionnelle<\/strong><\/td><\/tr><tr><td><strong>Echelons<\/strong><\/td><td><strong>Indice brut<\/strong><\/td><td><strong>Indice<br>major\u00e9<\/strong><strong><\/strong><\/td><td><strong>Dur\u00e9e<\/strong><\/td><td><strong>Salaire brut<\/strong><\/td><\/tr><tr><td>1er \u00e9chelon<\/td><td>446<\/td><td><strong>397<\/strong><\/td><td>1 an<\/td><td>1954<\/td><\/tr><tr><td>2e \u00e9chelon<\/td><td>461<\/td><td><strong>409<\/strong><\/td><td>2 ans<\/td><td>2013<\/td><\/tr><tr><td>3e \u00e9chelon<\/td><td>484<\/td><td><strong>424<\/strong><\/td><td>2 ans<\/td><td>2087<\/td><\/tr><tr><td>4e \u00e9chelon<\/td><td>513<\/td><td><strong>446<\/strong><\/td><td>2 ans<\/td><td>2196<\/td><\/tr><tr><td>5e \u00e9chelon<\/td><td>547<\/td><td><strong>470<\/strong><\/td><td>2 ans<\/td><td>2314<\/td><\/tr><tr><td>6e \u00e9chelon<\/td><td>573<\/td><td><strong>489<\/strong><\/td><td>3 ans<\/td><td>2407<\/td><\/tr><tr><td>7e \u00e9chelon<\/td><td>604<\/td><td><strong>513<\/strong><\/td><td>3 ans<\/td><td>2525<\/td><\/tr><tr><td>8e \u00e9chelon<\/td><td>638<\/td><td><strong>539<\/strong><\/td><td>3 ans<\/td><td>2653<\/td><\/tr><tr><td>9e \u00e9chelon<\/td><td>660<\/td><td><strong>556<\/strong><\/td><td>3 ans<\/td><td>2737<\/td><\/tr><tr><td>10e \u00e9chelon<\/td><td>684<\/td><td><strong>574<\/strong><\/td><td>3 ans<\/td><td>2826<\/td><\/tr><tr><td>11e \u00e9chelon<\/td><td>707<\/td><td><strong>592<\/strong><\/td><td><strong>&#8212;<\/strong><\/td><td>2914<\/td><\/tr><\/tbody><\/table><\/figure>\n\n\n\n<p><\/p>\n\n\n\n<p><strong><br>\u00a0<\/strong><\/p>\n","protected":false},"excerpt":{"rendered":"<p>\u00a0 Techniciens de la recherche de classe normale Echelons Indice brut Indicemajor\u00e9 Dur\u00e9e Salaire brut 1er \u00e9chelon 389 373 1 an 1836 2e \u00e9chelon 395 374 1 an 1841 3e \u00e9chelon 397 375 1 an 1846 4e \u00e9chelon 401 376 1 an 1851 5e \u00e9chelon 415 377 2 ans 1856<\/p>\n","protected":false},"author":20,"featured_media":0,"parent":0,"menu_order":0,"comment_status":"closed","ping_status":"closed","template":"","meta":{"_mc_calendar":[],"footnotes":""},"class_list":["post-39812","page","type-page","status-publish","hentry","ct-col-2"],"amp_enabled":true,"_links":{"self":[{"href":"https:\/\/cfdt-recherche-epst.org\/index.php?rest_route=\/wp\/v2\/pages\/39812","targetHints":{"allow":["GET"]}}],"collection":[{"href":"https:\/\/cfdt-recherche-epst.org\/index.php?rest_route=\/wp\/v2\/pages"}],"about":[{"href":"https:\/\/cfdt-recherche-epst.org\/index.php?rest_route=\/wp\/v2\/types\/page"}],"author":[{"embeddable":true,"href":"https:\/\/cfdt-recherche-epst.org\/index.php?rest_route=\/wp\/v2\/users\/20"}],"replies":[{"embeddable":true,"href":"https:\/\/cfdt-recherche-epst.org\/index.php?rest_route=%2Fwp%2Fv2%2Fcomments&post=39812"}],"version-history":[{"count":5,"href":"https:\/\/cfdt-recherche-epst.org\/index.php?rest_route=\/wp\/v2\/pages\/39812\/revisions"}],"predecessor-version":[{"id":40697,"href":"https:\/\/cfdt-recherche-epst.org\/index.php?rest_route=\/wp\/v2\/pages\/39812\/revisions\/40697"}],"wp:attachment":[{"href":"https:\/\/cfdt-recherche-epst.org\/index.php?rest_route=%2Fwp%2Fv2%2Fmedia&parent=39812"}],"curies":[{"name":"wp","href":"https:\/\/api.w.org\/{rel}","templated":true}]}}