{"id":39815,"date":"2025-07-29T14:29:26","date_gmt":"2025-07-29T13:29:26","guid":{"rendered":"https:\/\/cfdt-recherche-epst.org\/?page_id=39815"},"modified":"2026-03-12T10:21:04","modified_gmt":"2026-03-12T09:21:04","slug":"assistant-ingenieur","status":"publish","type":"page","link":"https:\/\/cfdt-recherche-epst.org\/?page_id=39815","title":{"rendered":"R\u00e9mun\u00e9ration &#8211; Avancement -Assistant ing\u00e9nieur"},"content":{"rendered":"\n<figure class=\"wp-block-table\"><table class=\"has-fixed-layout\"><tbody><tr><td colspan=\"5\"><strong>Assistants ing\u00e9nieurs<\/strong><\/td><\/tr><tr><td><strong>Echelons<\/strong><\/td><td><strong>Indice brut<\/strong><\/td><td><strong>Indice<br>major\u00e9<\/strong><strong><\/strong><\/td><td><strong>Dur\u00e9e<\/strong><\/td><td><strong>Salaire brut<\/strong><\/td><\/tr><tr><td>1er \u00e9chelon<\/td><td>412<\/td><td><strong>376<\/strong><\/td><td>1 an et 6 mois<\/td><td>1851<\/td><\/tr><tr><td>2e \u00e9chelon<\/td><td>444<\/td><td><strong>395<\/strong><\/td><td>1 an et 6 mois<\/td><td>1944<\/td><\/tr><tr><td>3e \u00e9chelon<\/td><td>465<\/td><td><strong>412<\/strong><\/td><td>2 ans<\/td><td>2028<\/td><\/tr><tr><td>4e \u00e9chelon<\/td><td>491<\/td><td><strong>429<\/strong><\/td><td>2 ans<\/td><td>2112<\/td><\/tr><tr><td>5e \u00e9chelon<\/td><td>513<\/td><td><strong>446<\/strong><\/td><td>2 ans<\/td><td>2196<\/td><\/tr><tr><td>6e \u00e9chelon<\/td><td>539<\/td><td><strong>463<\/strong><\/td><td>2 ans<\/td><td>2279<\/td><\/tr><tr><td>7e \u00e9chelon<\/td><td>561<\/td><td><strong>480<\/strong><\/td><td>2 ans<\/td><td>2363<\/td><\/tr><tr><td>8e \u00e9chelon<\/td><td>582<\/td><td><strong>497<\/strong><\/td><td>2 ans<\/td><td>2447<\/td><\/tr><tr><td>9e \u00e9chelon<\/td><td>606<\/td><td><strong>514<\/strong><\/td><td>2 ans<\/td><td>2530<\/td><\/tr><tr><td>10e \u00e9chelon<\/td><td>627<\/td><td><strong>531<\/strong><\/td><td>2 ans<\/td><td>2614<\/td><\/tr><tr><td>11e \u00e9chelon<\/td><td>650<\/td><td><strong>548<\/strong><\/td><td>2 ans<\/td><td>2698<\/td><\/tr><tr><td>12e \u00e9chelon<\/td><td>672<\/td><td><strong>565<\/strong><\/td><td>2 ans<\/td><td>2781<\/td><\/tr><tr><td>13e \u00e9chelon<\/td><td>695<\/td><td><strong>582<\/strong><\/td><td>3 ans<\/td><td>2865<\/td><\/tr><tr><td>14e \u00e9chelon<\/td><td>716<\/td><td><strong>598<\/strong><\/td><td>3 ans<\/td><td>2944<\/td><\/tr><tr><td>15e \u00e9chelon<\/td><td>747<\/td><td><strong>622<\/strong><\/td><td>3 ans<\/td><td>3062<\/td><\/tr><tr><td>16e \u00e9chelon<\/td><td>761<\/td><td><strong>632<\/strong><\/td><td>&#8211;<\/td><td>3111<\/td><\/tr><\/tbody><\/table><\/figure>\n","protected":false},"excerpt":{"rendered":"<p>Assistants ing\u00e9nieurs Echelons Indice brut Indicemajor\u00e9 Dur\u00e9e Salaire brut 1er \u00e9chelon 412 376 1 an et 6 mois 1851 2e \u00e9chelon 444 395 1 an et 6 mois 1944 3e \u00e9chelon 465 412 2 ans 2028 4e \u00e9chelon 491 429 2 ans 2112 5e \u00e9chelon 513 446 2 ans 2196<\/p>\n","protected":false},"author":20,"featured_media":0,"parent":0,"menu_order":0,"comment_status":"closed","ping_status":"closed","template":"","meta":{"_mc_calendar":[],"footnotes":""},"class_list":["post-39815","page","type-page","status-publish","hentry","ct-col-2"],"amp_enabled":true,"_links":{"self":[{"href":"https:\/\/cfdt-recherche-epst.org\/index.php?rest_route=\/wp\/v2\/pages\/39815","targetHints":{"allow":["GET"]}}],"collection":[{"href":"https:\/\/cfdt-recherche-epst.org\/index.php?rest_route=\/wp\/v2\/pages"}],"about":[{"href":"https:\/\/cfdt-recherche-epst.org\/index.php?rest_route=\/wp\/v2\/types\/page"}],"author":[{"embeddable":true,"href":"https:\/\/cfdt-recherche-epst.org\/index.php?rest_route=\/wp\/v2\/users\/20"}],"replies":[{"embeddable":true,"href":"https:\/\/cfdt-recherche-epst.org\/index.php?rest_route=%2Fwp%2Fv2%2Fcomments&post=39815"}],"version-history":[{"count":4,"href":"https:\/\/cfdt-recherche-epst.org\/index.php?rest_route=\/wp\/v2\/pages\/39815\/revisions"}],"predecessor-version":[{"id":40698,"href":"https:\/\/cfdt-recherche-epst.org\/index.php?rest_route=\/wp\/v2\/pages\/39815\/revisions\/40698"}],"wp:attachment":[{"href":"https:\/\/cfdt-recherche-epst.org\/index.php?rest_route=%2Fwp%2Fv2%2Fmedia&parent=39815"}],"curies":[{"name":"wp","href":"https:\/\/api.w.org\/{rel}","templated":true}]}}