{"id":39818,"date":"2025-07-29T14:32:01","date_gmt":"2025-07-29T13:32:01","guid":{"rendered":"https:\/\/cfdt-recherche-epst.org\/?page_id=39818"},"modified":"2026-03-12T10:20:59","modified_gmt":"2026-03-12T09:20:59","slug":"ingenieurs-de-recherche","status":"publish","type":"page","link":"https:\/\/cfdt-recherche-epst.org\/?page_id=39818","title":{"rendered":"R\u00e9mun\u00e9ration &#8211; Avancement -Ing\u00e9nieurs de recherche"},"content":{"rendered":"\n<figure class=\"wp-block-table\"><table class=\"has-fixed-layout\"><tbody><tr><td colspan=\"5\"><strong>Ing\u00e9nieurs de recherche de classe normale<\/strong><\/td><\/tr><tr><td><strong>Echelons<\/strong><\/td><td><strong>Indice brut<\/strong><\/td><td><strong>Indice<br>major\u00e9<\/strong><strong><\/strong><\/td><td><strong>Dur\u00e9e<\/strong><\/td><td><strong>Salaire brut<\/strong><\/td><\/tr><tr><td>1er \u00e9chelon<\/td><td>541<\/td><td>465<\/td><td>1 an<\/td><td>2289<\/td><\/tr><tr><td>2e \u00e9chelon<\/td><td>576<\/td><td>491<\/td><td>1 an 6 mois<\/td><td>2417<\/td><\/tr><tr><td>3e \u00e9chelon<\/td><td>611<\/td><td>518<\/td><td>1 an 6 mois<\/td><td>2550<\/td><\/tr><tr><td>4e \u00e9chelon<\/td><td>646<\/td><td>545<\/td><td>2 ans<\/td><td>2683<\/td><\/tr><tr><td>5e \u00e9chelon<\/td><td>689<\/td><td>577<\/td><td>2 ans<\/td><td>2840<\/td><\/tr><tr><td>6e \u00e9chelon<\/td><td>736<\/td><td>613<\/td><td>2 ans<\/td><td>3018<\/td><\/tr><tr><td>7e \u00e9chelon<\/td><td>830<\/td><td>685<\/td><td>2 ans 6 mois<\/td><td>3372<\/td><\/tr><tr><td>8e \u00e9chelon<\/td><td>930<\/td><td>761<\/td><td>2 ans 6 mois<\/td><td>3746<\/td><\/tr><tr><td>9e \u00e9chelon<\/td><td>995<\/td><td>811<\/td><td>3 ans<\/td><td>3992<\/td><\/tr><tr><td>10e \u00e9chelon<\/td><td>1 027<\/td><td>835<\/td><td>&#8211;<\/td><td>4111<\/td><\/tr><\/tbody><\/table><\/figure>\n\n\n\n<p><\/p>\n\n\n\n<figure class=\"wp-block-table\"><table class=\"has-fixed-layout\"><tbody><tr><td colspan=\"5\"><strong>Ing\u00e9nieurs de recherche hors classe<\/strong><\/td><\/tr><tr><td><strong>Echelons<\/strong><\/td><td><strong>Indice brut<\/strong><\/td><td><strong>Indice<br>major\u00e9<\/strong><strong><\/strong><\/td><td><strong>Dur\u00e9e<\/strong><\/td><td><strong>Salaire brut<\/strong><\/td><\/tr><tr><td>1er \u00e9chelon<\/td><td>736<\/td><td>613<\/td><td>2 ans<\/td><td>3018<\/td><\/tr><tr><td>2e \u00e9chelon<\/td><td>830<\/td><td>685<\/td><td>2 ans<\/td><td>3372<\/td><\/tr><tr><td>3e \u00e9chelon<\/td><td>930<\/td><td>761<\/td><td>2 ans 6 mois<\/td><td>3746<\/td><\/tr><tr><td>4e \u00e9chelon<\/td><td>1 027<\/td><td>835<\/td><td>3 ans<\/td><td>4111<\/td><\/tr><tr><td>5e \u00e9chelon<\/td><td>HEA<\/td><td>895<\/td><td>&#8211;<\/td><td>4406<\/td><\/tr><tr><td>&nbsp;<\/td><td>&nbsp;<\/td><td>930<\/td><td>&nbsp;<\/td><td>4578<\/td><\/tr><tr><td>&nbsp;<\/td><td>&nbsp;<\/td><td>977<\/td><td>&nbsp;<\/td><td>4810<\/td><\/tr><tr><td>Echelon sp\u00e9cial<\/td><td>HEB<\/td><td>977<\/td><td>&#8211;<\/td><td>4811<\/td><\/tr><tr><td>&nbsp;<\/td><td>&nbsp;<\/td><td>1018<\/td><td>&nbsp;<\/td><td>5011<\/td><\/tr><tr><td>&nbsp;<\/td><td>&nbsp;<\/td><td>1072<\/td><td>&nbsp;<\/td><td>5277<\/td><\/tr><\/tbody><\/table><\/figure>\n\n\n\n<p><\/p>\n\n\n\n<p><\/p>\n","protected":false},"excerpt":{"rendered":"<p>Ing\u00e9nieurs de recherche de classe normale Echelons Indice brut Indicemajor\u00e9 Dur\u00e9e Salaire brut 1er \u00e9chelon 541 465 1 an 2289 2e \u00e9chelon 576 491 1 an 6 mois 2417 3e \u00e9chelon 611 518 1 an 6 mois 2550 4e \u00e9chelon 646 545 2 ans 2683 5e \u00e9chelon 689 577 2<\/p>\n","protected":false},"author":20,"featured_media":0,"parent":0,"menu_order":0,"comment_status":"closed","ping_status":"closed","template":"","meta":{"_mc_calendar":[],"footnotes":""},"class_list":["post-39818","page","type-page","status-publish","hentry","ct-col-2"],"amp_enabled":true,"_links":{"self":[{"href":"https:\/\/cfdt-recherche-epst.org\/index.php?rest_route=\/wp\/v2\/pages\/39818","targetHints":{"allow":["GET"]}}],"collection":[{"href":"https:\/\/cfdt-recherche-epst.org\/index.php?rest_route=\/wp\/v2\/pages"}],"about":[{"href":"https:\/\/cfdt-recherche-epst.org\/index.php?rest_route=\/wp\/v2\/types\/page"}],"author":[{"embeddable":true,"href":"https:\/\/cfdt-recherche-epst.org\/index.php?rest_route=\/wp\/v2\/users\/20"}],"replies":[{"embeddable":true,"href":"https:\/\/cfdt-recherche-epst.org\/index.php?rest_route=%2Fwp%2Fv2%2Fcomments&post=39818"}],"version-history":[{"count":4,"href":"https:\/\/cfdt-recherche-epst.org\/index.php?rest_route=\/wp\/v2\/pages\/39818\/revisions"}],"predecessor-version":[{"id":40693,"href":"https:\/\/cfdt-recherche-epst.org\/index.php?rest_route=\/wp\/v2\/pages\/39818\/revisions\/40693"}],"wp:attachment":[{"href":"https:\/\/cfdt-recherche-epst.org\/index.php?rest_route=%2Fwp%2Fv2%2Fmedia&parent=39818"}],"curies":[{"name":"wp","href":"https:\/\/api.w.org\/{rel}","templated":true}]}}