{"id":39821,"date":"2025-07-29T14:37:10","date_gmt":"2025-07-29T13:37:10","guid":{"rendered":"https:\/\/cfdt-recherche-epst.org\/?page_id=39821"},"modified":"2026-03-12T10:22:44","modified_gmt":"2026-03-12T09:22:44","slug":"adjoints-techniques-de-la-recherche","status":"publish","type":"page","link":"https:\/\/cfdt-recherche-epst.org\/?page_id=39821","title":{"rendered":"R\u00e9mun\u00e9ration &#8211; Avancement -Adjoints techniques de la recherche"},"content":{"rendered":"\n<p><\/p>\n\n\n\n<figure class=\"wp-block-table\"><table class=\"has-fixed-layout\"><tbody><tr><td colspan=\"5\"><strong>Adjoints techniques de la recherche<\/strong><\/td><\/tr><tr><td><strong>Echelons<\/strong><\/td><td><strong>Indice brut<\/strong><\/td><td><strong>Indice<br>major\u00e9<\/strong><strong><\/strong><\/td><td><strong>Dur\u00e9e<\/strong><\/td><td><strong>Salaire brut<\/strong><\/td><\/tr><tr><td>1er \u00e9chelon<\/td><td>367<\/td><td><strong>366<\/strong><\/td><td>1 an<\/td><td>1802<\/td><\/tr><tr><td>2e \u00e9chelon<\/td><td>368<\/td><td><strong>367<\/strong><\/td><td>1 an<\/td><td>1807<\/td><\/tr><tr><td>3e \u00e9chelon<\/td><td>370<\/td><td><strong>368<\/strong><\/td><td>1 an<\/td><td>1812<\/td><\/tr><tr><td>4e \u00e9chelon<\/td><td>371<\/td><td><strong>369<\/strong><\/td><td>1 an<\/td><td>1817<\/td><\/tr><tr><td>5e \u00e9chelon<\/td><td>374<\/td><td><strong>370<\/strong><\/td><td>1 an<\/td><td>1821<\/td><\/tr><tr><td>6e \u00e9chelon<\/td><td>378<\/td><td><strong>371<\/strong><\/td><td>1 an<\/td><td>1826<\/td><\/tr><tr><td>7e \u00e9chelon<\/td><td>381<\/td><td><strong>372<\/strong><\/td><td>3 ans<\/td><td>1831<\/td><\/tr><tr><td>8e \u00e9chelon<\/td><td>387<\/td><td><strong>373<\/strong><\/td><td>3 ans<\/td><td>1836<\/td><\/tr><tr><td>9e \u00e9chelon<\/td><td>401<\/td><td><strong>376<\/strong><\/td><td>3 ans<\/td><td>1851<\/td><\/tr><tr><td>10e \u00e9chelon<\/td><td>419<\/td><td><strong>377<\/strong><\/td><td>4 ans<\/td><td>1856<\/td><\/tr><tr><td>11e \u00e9chelon<\/td><td>432<\/td><td><strong>387<\/strong><\/td><td><strong>&#8211;<\/strong><\/td><td>1905<\/td><\/tr><\/tbody><\/table><\/figure>\n\n\n\n<p><\/p>\n\n\n\n<figure class=\"wp-block-table\"><table class=\"has-fixed-layout\"><tbody><tr><td colspan=\"5\"><strong>Adjoints techniques de la recherche de 2e classe<\/strong><\/td><\/tr><tr><td><strong>Echelons<\/strong><\/td><td><strong>Indice brut<\/strong><\/td><td><strong>Indice<br>major\u00e9<\/strong><strong><\/strong><\/td><td><strong>Dur\u00e9e<\/strong><\/td><td><strong>Salaire brut<\/strong><\/td><\/tr><tr><td>1er \u00e9chelon<\/td><td>368<\/td><td><strong>367<\/strong><\/td><td>1 an<\/td><td>1807<\/td><\/tr><tr><td>2e \u00e9chelon<\/td><td>371<\/td><td><strong>369<\/strong><\/td><td>1 an<\/td><td>1817<\/td><\/tr><tr><td>3e \u00e9chelon<\/td><td>376<\/td><td><strong>370<\/strong><\/td><td>1 an<\/td><td>1821<\/td><\/tr><tr><td>4e \u00e9chelon<\/td><td>387<\/td><td><strong>373<\/strong><\/td><td>1 an<\/td><td>1836<\/td><\/tr><tr><td>5e \u00e9chelon<\/td><td>396<\/td><td><strong>374<\/strong><\/td><td>1 an<\/td><td>1841<\/td><\/tr><tr><td>6e \u00e9chelon<\/td><td>404<\/td><td><strong>376<\/strong><\/td><td>1 an<\/td><td>1851<\/td><\/tr><tr><td>7e \u00e9chelon<\/td><td>416<\/td><td><strong>377<\/strong><\/td><td>2 ans<\/td><td>1856<\/td><\/tr><tr><td>8e \u00e9chelon<\/td><td>430<\/td><td><strong>385<\/strong><\/td><td>2 ans<\/td><td>1895<\/td><\/tr><tr><td>9e \u00e9chelon<\/td><td>446<\/td><td><strong>397<\/strong><\/td><td>3 ans<\/td><td>1954<\/td><\/tr><tr><td>10e \u00e9chelon<\/td><td>461<\/td><td><strong>409<\/strong><\/td><td>3 ans<\/td><td>2013<\/td><\/tr><tr><td>11e \u00e9chelon<\/td><td>473<\/td><td><strong>417<\/strong><\/td><td>4 ans<\/td><td>2053<\/td><\/tr><tr><td>12e \u00e9chelon<\/td><td>486<\/td><td><strong>425<\/strong><\/td><td><strong>&#8211;<\/strong><\/td><td>2092<\/td><\/tr><\/tbody><\/table><\/figure>\n\n\n\n<p><\/p>\n\n\n\n<figure class=\"wp-block-table\"><table class=\"has-fixed-layout\"><tbody><tr><td colspan=\"5\"><strong>Adjoints techniques de la recherche de 1\u00e8re classe<\/strong><\/td><\/tr><tr><td><strong>Echelons<\/strong><\/td><td><strong>Indice brut<\/strong><\/td><td><strong>Indice<br>major\u00e9<\/strong><strong><\/strong><\/td><td><strong>Dur\u00e9e<\/strong><\/td><td><strong>Salaire brut<\/strong><\/td><\/tr><tr><td>1er \u00e9chelon<\/td><td>388<\/td><td><strong>373<\/strong><\/td><td>1 an<\/td><td>1836<\/td><\/tr><tr><td>2e \u00e9chelon<\/td><td>397<\/td><td><strong>375<\/strong><\/td><td>1 an<\/td><td>1846<\/td><\/tr><tr><td>3e \u00e9chelon<\/td><td>412<\/td><td><strong>376<\/strong><\/td><td>2 ans<\/td><td>1851<\/td><\/tr><tr><td>4e \u00e9chelon<\/td><td>430<\/td><td><strong>385<\/strong><\/td><td>2 ans<\/td><td>1895<\/td><\/tr><tr><td>5e \u00e9chelon<\/td><td>448<\/td><td><strong>398<\/strong><\/td><td>2 ans<\/td><td>1959<\/td><\/tr><tr><td>6e \u00e9chelon<\/td><td>460<\/td><td><strong>408<\/strong><\/td><td>2 ans<\/td><td>2008<\/td><\/tr><tr><td>7e \u00e9chelon<\/td><td>478<\/td><td><strong>420<\/strong><\/td><td>3 ans<\/td><td>2068<\/td><\/tr><tr><td>8e \u00e9chelon<\/td><td>499<\/td><td><strong>435<\/strong><\/td><td>3 ans<\/td><td>2141<\/td><\/tr><tr><td>9e \u00e9chelon<\/td><td>525<\/td><td><strong>455<\/strong><\/td><td>3 ans<\/td><td>2240<\/td><\/tr><tr><td>10e \u00e9chelon<\/td><td>558<\/td><td><strong>478<\/strong><\/td><td><strong>&#8211;<\/strong><\/td><td>2353<\/td><\/tr><\/tbody><\/table><\/figure>\n\n\n\n<p><\/p>\n\n\n\n<p><\/p>\n","protected":false},"excerpt":{"rendered":"<p>Adjoints techniques de la recherche Echelons Indice brut Indicemajor\u00e9 Dur\u00e9e Salaire brut 1er \u00e9chelon 367 366 1 an 1802 2e \u00e9chelon 368 367 1 an 1807 3e \u00e9chelon 370 368 1 an 1812 4e \u00e9chelon 371 369 1 an 1817 5e \u00e9chelon 374 370 1 an 1821 6e \u00e9chelon 378<\/p>\n","protected":false},"author":20,"featured_media":0,"parent":0,"menu_order":0,"comment_status":"closed","ping_status":"closed","template":"","meta":{"_mc_calendar":[],"footnotes":""},"class_list":["post-39821","page","type-page","status-publish","hentry","ct-col-2"],"amp_enabled":true,"_links":{"self":[{"href":"https:\/\/cfdt-recherche-epst.org\/index.php?rest_route=\/wp\/v2\/pages\/39821","targetHints":{"allow":["GET"]}}],"collection":[{"href":"https:\/\/cfdt-recherche-epst.org\/index.php?rest_route=\/wp\/v2\/pages"}],"about":[{"href":"https:\/\/cfdt-recherche-epst.org\/index.php?rest_route=\/wp\/v2\/types\/page"}],"author":[{"embeddable":true,"href":"https:\/\/cfdt-recherche-epst.org\/index.php?rest_route=\/wp\/v2\/users\/20"}],"replies":[{"embeddable":true,"href":"https:\/\/cfdt-recherche-epst.org\/index.php?rest_route=%2Fwp%2Fv2%2Fcomments&post=39821"}],"version-history":[{"count":5,"href":"https:\/\/cfdt-recherche-epst.org\/index.php?rest_route=\/wp\/v2\/pages\/39821\/revisions"}],"predecessor-version":[{"id":40699,"href":"https:\/\/cfdt-recherche-epst.org\/index.php?rest_route=\/wp\/v2\/pages\/39821\/revisions\/40699"}],"wp:attachment":[{"href":"https:\/\/cfdt-recherche-epst.org\/index.php?rest_route=%2Fwp%2Fv2%2Fmedia&parent=39821"}],"curies":[{"name":"wp","href":"https:\/\/api.w.org\/{rel}","templated":true}]}}