{"id":39826,"date":"2025-07-29T14:46:25","date_gmt":"2025-07-29T13:46:25","guid":{"rendered":"https:\/\/cfdt-recherche-epst.org\/?page_id=39826"},"modified":"2026-03-12T10:24:33","modified_gmt":"2026-03-12T09:24:33","slug":"primes-cnrs","status":"publish","type":"page","link":"https:\/\/cfdt-recherche-epst.org\/?page_id=39826","title":{"rendered":"R\u00e9mun\u00e9ration &#8211; Prime &#8211; CNRS"},"content":{"rendered":"\n<p><strong><em><mark style=\"background-color:rgba(0, 0, 0, 0)\" class=\"has-inline-color has-luminous-vivid-orange-color\">EN CONSTRUCTION<\/mark><\/em><\/strong><\/p>\n\n\n\n<h2 class=\"wp-block-heading\">Ing\u00e9nieurs et Techniciens<\/h2>\n\n\n\n<h3 class=\"wp-block-heading\">IFSE \u2013 Indemnit\u00e9 de fonctions, de suj\u00e9tions et d\u2019expertise (Montants bruts mensuels)<\/h3>\n\n\n\n<p>L&rsquo;IFSE est compos\u00e9 de plusieurs parts qu&rsquo;il convient d&rsquo;additionner pour obtenir le montant d&rsquo;IFSE figurant sur sa fiche de paie<\/p>\n\n\n\n<p>1- <strong>Parts grade + technicit\u00e9 et expertise<\/strong><\/p>\n\n\n\n<figure class=\"wp-block-table\"><table class=\"has-fixed-layout\"><tbody><tr><td><strong>Corps<\/strong><\/td><td><strong>Grade<\/strong><\/td><td><strong>Groupe 3<\/strong><\/td><td><strong>Groupe 2<\/strong><\/td><td><strong>Groupe 1<\/strong><\/td><\/tr><tr><td rowspan=\"3\">ATR<\/td><td>N<\/td><td>&#8211;<\/td><td>291,08<\/td><td>300,05<\/td><\/tr><tr><td>P2<\/td><td>&#8211;<\/td><td>293,08<\/td><td>302,05<\/td><\/tr><tr><td>P1<\/td><td>&#8211;<\/td><td>295,08<\/td><td>304,05<\/td><\/tr><tr><td rowspan=\"3\">T<\/td><td>CN<\/td><td>336,97<\/td><td>348,83<\/td><td>359,86<\/td><\/tr><tr><td>CS<\/td><td>342,97<\/td><td>354,83<\/td><td>365,86<\/td><\/tr><tr><td>CE<\/td><td>352,97<\/td><td>364,83<\/td><td>375,86<\/td><\/tr><tr><td>AI<\/td><td>&nbsp;<\/td><td>&#8211;<\/td><td>397,88<\/td><td>416,03<\/td><\/tr><tr><td rowspan=\"3\">IE<\/td><td>CN<\/td><td>474,28<\/td><td>499,01<\/td><td>526,94<\/td><\/tr><tr><td>HC<\/td><td>484,28<\/td><td>509,01<\/td><td>536,94<\/td><\/tr><tr><td>HC 08-2017**<\/td><td>514,28<\/td><td>539,01<\/td><td>566,94<\/td><\/tr><tr><td rowspan=\"2\">IR&nbsp;<\/td><td>&nbsp;<\/td><td>709,58<\/td><td>780,74<\/td><td>830,86<\/td><\/tr><tr><td>HC<\/td><td>740,58<\/td><td>811,74<\/td><td>861,86<\/td><\/tr><\/tbody><\/table><\/figure>\n\n\n\n<p><\/p>\n\n\n\n<p>2- <strong>Part suj\u00e9tions particuli\u00e8res<\/strong><\/p>\n\n\n\n<figure class=\"wp-block-table\"><table class=\"has-fixed-layout\"><tbody><tr><td rowspan=\"2\">AP&nbsp;(Assistant de pr\u00e9vention)<\/td><td>&nbsp;Quotit\u00e9&nbsp;\u2264 10&nbsp;%<\/td><td>&nbsp;46,86<\/td><\/tr><tr><td>&nbsp;Quotit\u00e9&nbsp;&gt; 10&nbsp;%<\/td><td>&nbsp;93,72<\/td><\/tr><tr><td rowspan=\"2\">&nbsp;PCR (Personne comp\u00e9tente en radioprotection)<\/td><td>&nbsp;Activit\u00e9 soumise \u00e0&nbsp;d\u00e9claration<\/td><td>&nbsp;46,86<\/td><\/tr><tr><td>&nbsp;Activit\u00e9 soumise \u00e0&nbsp;autorisation<\/td><td>&nbsp;93,72<\/td><\/tr><\/tbody><\/table><\/figure>\n\n\n\n<p><\/p>\n\n\n\n<h2 class=\"wp-block-heading\">Chercheurs<\/h2>\n\n\n\n<h3 class=\"wp-block-heading\">RIPEC (r\u00e9gime indemnitaire des personnels enseignants et chercheurs)<\/h3>\n\n\n\n<p>Composante C1<\/p>\n\n\n\n<p>Tous corps et grades : 4800 \u20ac brut annuel (400 \u20ac brut mensuel)<\/p>\n\n\n\n<p><\/p>\n","protected":false},"excerpt":{"rendered":"<p>EN CONSTRUCTION Ing\u00e9nieurs et Techniciens IFSE \u2013 Indemnit\u00e9 de fonctions, de suj\u00e9tions et d\u2019expertise (Montants bruts mensuels) L&rsquo;IFSE est compos\u00e9 de plusieurs parts qu&rsquo;il convient d&rsquo;additionner pour obtenir le montant d&rsquo;IFSE figurant sur sa fiche de paie 1- Parts grade + technicit\u00e9 et expertise Corps Grade Groupe 3 Groupe 2<\/p>\n","protected":false},"author":20,"featured_media":0,"parent":0,"menu_order":0,"comment_status":"closed","ping_status":"closed","template":"","meta":{"_mc_calendar":[],"footnotes":""},"class_list":["post-39826","page","type-page","status-publish","hentry","ct-col-2"],"amp_enabled":true,"_links":{"self":[{"href":"https:\/\/cfdt-recherche-epst.org\/index.php?rest_route=\/wp\/v2\/pages\/39826","targetHints":{"allow":["GET"]}}],"collection":[{"href":"https:\/\/cfdt-recherche-epst.org\/index.php?rest_route=\/wp\/v2\/pages"}],"about":[{"href":"https:\/\/cfdt-recherche-epst.org\/index.php?rest_route=\/wp\/v2\/types\/page"}],"author":[{"embeddable":true,"href":"https:\/\/cfdt-recherche-epst.org\/index.php?rest_route=\/wp\/v2\/users\/20"}],"replies":[{"embeddable":true,"href":"https:\/\/cfdt-recherche-epst.org\/index.php?rest_route=%2Fwp%2Fv2%2Fcomments&post=39826"}],"version-history":[{"count":15,"href":"https:\/\/cfdt-recherche-epst.org\/index.php?rest_route=\/wp\/v2\/pages\/39826\/revisions"}],"predecessor-version":[{"id":40700,"href":"https:\/\/cfdt-recherche-epst.org\/index.php?rest_route=\/wp\/v2\/pages\/39826\/revisions\/40700"}],"wp:attachment":[{"href":"https:\/\/cfdt-recherche-epst.org\/index.php?rest_route=%2Fwp%2Fv2%2Fmedia&parent=39826"}],"curies":[{"name":"wp","href":"https:\/\/api.w.org\/{rel}","templated":true}]}}